{"id":1002,"date":"2023-11-27T19:56:35","date_gmt":"2023-11-27T18:56:35","guid":{"rendered":"https:\/\/movexlift.com\/?page_id=1002"},"modified":"2023-11-27T19:57:13","modified_gmt":"2023-11-27T18:57:13","slug":"politica-de-privacidad","status":"publish","type":"page","link":"https:\/\/movexlift.com\/en\/politica-de-privacidad\/","title":{"rendered":"Privacy Policy"},"content":{"rendered":"<div data-elementor-type=\"wp-page\" data-elementor-id=\"1002\" class=\"elementor elementor-1002\">\n\t\t\t\t<div class=\"elementor-element elementor-element-3a747f4 e-con-full e-flex e-con e-parent\" data-id=\"3a747f4\" data-element_type=\"container\" data-e-type=\"container\" data-settings=\"{&quot;background_background&quot;:&quot;classic&quot;}\">\n\t\t\t\t<div class=\"elementor-element elementor-element-686c8fa elementor-widget elementor-widget-heading\" data-id=\"686c8fa\" data-element_type=\"widget\" data-e-type=\"widget\" data-widget_type=\"heading.default\">\n\t\t\t\t<div class=\"elementor-widget-container\">\n\t\t\t\t\t<h2 class=\"elementor-heading-title elementor-size-default\">POL\u00cdTICA DE PRIVACIDAD<\/h2>\t\t\t\t<\/div>\n\t\t\t\t<\/div>\n\t\t\t\t<\/div>\n\t\t<div class=\"elementor-element elementor-element-04f739a e-flex e-con-boxed e-con e-parent\" data-id=\"04f739a\" data-element_type=\"container\" data-e-type=\"container\">\n\t\t\t\t\t<div class=\"e-con-inner\">\n\t\t\t\t<div class=\"elementor-element elementor-element-186ab34 elementor-widget elementor-widget-text-editor\" data-id=\"186ab34\" data-element_type=\"widget\" data-e-type=\"widget\" data-widget_type=\"text-editor.default\">\n\t\t\t\t<div class=\"elementor-widget-container\">\n\t\t\t\t\t\t\t\t\t<p>En cumplimiento de lo dispuesto en el Reglamento (UE) 2016\/679 del Parlamento Europeo y del Consejo de 27 de abril de 2016, relativo a la protecci\u00f3n de las personas f\u00edsicas en lo que respecta al tratamiento de datos personales y a la libre circulaci\u00f3n de estos datos.<\/p><p><u><strong>Talleres Velilla S.A.U.\u00a0<\/strong>protege sus datos personales y la capacidad de decisi\u00f3n sobre el uso de los mismos.<\/u><\/p><p>Estamos comprometidos en proteger y respetar su privacidad. Esta pol\u00edtica establece las bases conforme a las cuales trataremos cualquier dato personal que nos aporte. Le rogamos lea atentamente la informaci\u00f3n que sigue a continuaci\u00f3n para entender c\u00f3mo ser\u00e1n tratados sus datos.<\/p><p><strong>\u00bfQui\u00e9n es el Responsable del Tratamiento de sus datos personales?<\/strong><\/p><p><strong>Talleres Velilla S.A.U.<\/strong>, una sociedad registrada en Espa\u00f1a, con CIF A08428658 y direcci\u00f3n legal en C\/ Paseo de la Ribera, 101 08420 Canovellas Barcelona, y correo electr\u00f3nico\u00a0<a href=\"mailto:empresa@empresa.com\">info@talleresvelilla.com<\/a>.<\/p><p><strong>\u00bfQui\u00e9n es el Responsable de Protecci\u00f3n de Datos (DPD) y como contacto con \u00e9l?<\/strong><\/p><p>El responsable de protecci\u00f3n de datos es el encargado de proteger los derechos de los interesados y supervisar y controlar la aplicaci\u00f3n de la regulaci\u00f3n de Protecci\u00f3n de Datos en TALLERES VELILLA S.A., y podr\u00e1 dirigirse a \u00e9l mediante el siguiente correo electr\u00f3nico en caso de duda, consulta o queja:\u00a0<a href=\"mailto:dpd@empresa.com\">info@talleresvelilla.com<\/a>.<\/p><p><strong>\u00bfCon qu\u00e9 finalidad tratamos sus datos personales y c\u00f3mo los legitimamos?<\/strong><\/p><ul><li>Con finalidades de\u00a0<u>cumplimiento contractual<\/u><\/li><\/ul><p>Para cumplir con los acuerdos en el suministro de productos y\/o la prestaci\u00f3n de los servicios que usted nos solicita y cumplir las condiciones expuestas en cada contrato.<\/p><ul><li>Con finalidades de comunicaci\u00f3n comercial basados en\u00a0<u>su consentimiento<\/u>.<\/li><\/ul><p>Con el fin de poder comunicar promociones y actividades de\u00a0<strong>Talleres Velilla S.A.U.<\/strong>, le solicitamos consentimiento de forma expresa, pudiendo ser revocado de manera sencilla en cualquier momento que lo considere oportuno.<\/p><ul><li>Con finalidades de seguridad en accesos y video vigilancia por\u00a0<u>inter\u00e9s leg\u00edtimo<\/u>\u00a0de\u00a0<strong>Talleres Velilla S.A.U.<\/strong><\/li><\/ul><p>Con el fin de garantizar la seguridad en las instalaciones y facilitar le ejecuci\u00f3n de los planes de emergencia.<\/p><p><strong>\u00bfA qu\u00e9 destinatarios se comunicar\u00e1n sus datos personales?<\/strong><\/p><p>Los datos personales que nos facilite ser\u00e1n exclusivamente tratados por\u00a0<strong>Talleres Velilla S.A.U.<\/strong>\u00a0siendo el \u00fanico\u00a0<u>Responsable del tratamiento<\/u>\u00a0y no cedi\u00e9ndolos a ning\u00fan tercero.<\/p><p><strong>\u00bfHay transferencias internaciones de sus datos personales?<\/strong><\/p><p>Le informamos que en ning\u00fan caso sus datos ser\u00e1n tratados ni almacenados fuera de los l\u00edmites de la Uni\u00f3n Europea.<\/p><p><strong>\u00bfPor cu\u00e1nto tiempo conservaremos sus datos personales?<\/strong><\/p><p>Los datos recabados se conservar\u00e1n durante la vigencia del contrato o autorizaci\u00f3n y una vez finalizado, durante el per\u00edodo legalmente establecido.<\/p><p><strong>\u00bfCu\u00e1les son sus derechos cuando nos facilita sus datos personales?<\/strong><\/p><p>Le informamos que puede ejercer los siguientes derechos de forma gratuita, por correo electr\u00f3nico a info@talleresvelilla.com adjuntando una copia de su DNI o documento acreditativo equivalente.<\/p><p>Los derechos que puede ejercer son:<\/p><ul><li><u>Acceso:<\/u>\u00a0Consulta de los datos personales de los que dispone\u00a0<strong>Talleres Velilla S.A.U.<\/strong><\/li><li><u>Rectificaci\u00f3n:<\/u>\u00a0Modificar sus datos si han cambiado, son inexactos o incompletos.<\/li><li><u>Supresi\u00f3n:<\/u>\u00a0Solicitud para eliminar sus datos.<\/li><li><u>Oposici\u00f3n:<\/u>\u00a0Solicitud para que tus datos no sean tratados.<\/li><li><u>Limitaci\u00f3n de tratamiento:<\/u>\u00a0Solicitar que se limite el tratamiento de sus datos mientras:<ul><li>Se comprueba su exactitud (impugnaci\u00f3n).<\/li><li>Exista tratamiento il\u00edcito, pero no desee la supresi\u00f3n de sus datos.<\/li><li><strong>Talleres Velilla S.A.U.<\/strong>\u00a0no necesite sus datos, pero usted desee conservarlos por ser necesarios para el ejercicio de su defensa o de reclamaciones.<\/li><li>Una vez solicitado un derecho de oposici\u00f3n se est\u00e9 verificando si este derecho prevalece sobre un inter\u00e9s p\u00fablico o leg\u00edtimo que afecte a los datos motivo de oposici\u00f3n hasta la resoluci\u00f3n del conflicto.<\/li><\/ul><\/li><li><u>Portabilidad:<\/u>\u00a0Potestad de recibir los datos facilitados por usted en formato electr\u00f3nico y aquellos obtenidos durante la relaci\u00f3n contractual con\u00a0<strong>Talleres Velilla S.A.U.<\/strong>, as\u00ed como su transmisi\u00f3n a otra organizaci\u00f3n.<\/li><\/ul><p><strong>\u00bfC\u00f3mo puedo realizar una reclamaci\u00f3n?<\/strong><\/p><p>Si considera que por cualquier motivo\u00a0<strong>Talleres Velilla S.A.U.<\/strong>\u00a0no ha tratado de forma correcta sus datos de acuerdo con la normativa vigente, puede dirigirse al Responsable de Seguridad info@talleresvelilla.com que atender\u00e1 y cursar\u00e1 su reclamaci\u00f3n con la m\u00e1xima diligencia, podr\u00e1, adem\u00e1s, si lo considera oportuno presentar una reclamaci\u00f3n dirigi\u00e9ndose a la Agencia Espa\u00f1ola de Protecci\u00f3n de Datos (AEPD).<\/p>\t\t\t\t\t\t\t\t<\/div>\n\t\t\t\t<\/div>\n\t\t\t\t\t<\/div>\n\t\t\t\t<\/div>\n\t\t\t\t<\/div>","protected":false},"excerpt":{"rendered":"<p>POL\u00cdTICA DE PRIVACIDAD En cumplimiento de lo dispuesto en el Reglamento (UE) 2016\/679 del Parlamento Europeo y del Consejo de 27 de abril de 2016, relativo a la protecci\u00f3n de las personas f\u00edsicas en lo que respecta al tratamiento de datos personales y a la libre circulaci\u00f3n de estos datos. Talleres Velilla S.A.U.\u00a0protege sus datos [&hellip;]<\/p>\n","protected":false},"author":1,"featured_media":0,"parent":0,"menu_order":0,"comment_status":"closed","ping_status":"closed","template":"elementor_header_footer","meta":{"site-sidebar-layout":"no-sidebar","site-content-layout":"","ast-site-content-layout":"full-width-container","site-content-style":"default","site-sidebar-style":"default","ast-global-header-display":"","ast-banner-title-visibility":"","ast-main-header-display":"","ast-hfb-above-header-display":"","ast-hfb-below-header-display":"","ast-hfb-mobile-header-display":"","site-post-title":"disabled","ast-breadcrumbs-content":"","ast-featured-img":"disabled","footer-sml-layout":"","ast-disable-related-posts":"","theme-transparent-header-meta":"","adv-header-id-meta":"","stick-header-meta":"","header-above-stick-meta":"","header-main-stick-meta":"","header-below-stick-meta":"","astra-migrate-meta-layouts":"default","ast-page-background-enabled":"default","ast-page-background-meta":{"desktop":{"background-color":"var(--ast-global-color-4)","background-image":"","background-repeat":"repeat","background-position":"center center","background-size":"auto","background-attachment":"scroll","background-type":"","background-media":"","overlay-type":"","overlay-color":"","overlay-opacity":"","overlay-gradient":""},"tablet":{"background-color":"","background-image":"","background-repeat":"repeat","background-position":"center center","background-size":"auto","background-attachment":"scroll","background-type":"","background-media":"","overlay-type":"","overlay-color":"","overlay-opacity":"","overlay-gradient":""},"mobile":{"background-color":"","background-image":"","background-repeat":"repeat","background-position":"center center","background-size":"auto","background-attachment":"scroll","background-type":"","background-media":"","overlay-type":"","overlay-color":"","overlay-opacity":"","overlay-gradient":""}},"ast-content-background-meta":{"desktop":{"background-color":"var(--ast-global-color-5)","background-image":"","background-repeat":"repeat","background-position":"center center","background-size":"auto","background-attachment":"scroll","background-type":"","background-media":"","overlay-type":"","overlay-color":"","overlay-opacity":"","overlay-gradient":""},"tablet":{"background-color":"var(--ast-global-color-5)","background-image":"","background-repeat":"repeat","background-position":"center center","background-size":"auto","background-attachment":"scroll","background-type":"","background-media":"","overlay-type":"","overlay-color":"","overlay-opacity":"","overlay-gradient":""},"mobile":{"background-color":"var(--ast-global-color-5)","background-image":"","background-repeat":"repeat","background-position":"center center","background-size":"auto","background-attachment":"scroll","background-type":"","background-media":"","overlay-type":"","overlay-color":"","overlay-opacity":"","overlay-gradient":""}},"footnotes":""},"class_list":["post-1002","page","type-page","status-publish","hentry"],"rttpg_featured_image_url":null,"rttpg_author":{"display_name":"DeveloperActu@l23","author_link":"https:\/\/movexlift.com\/en\/author\/developeractul23\/"},"rttpg_comment":0,"rttpg_category":null,"rttpg_excerpt":"POL\u00cdTICA DE PRIVACIDAD En cumplimiento de lo dispuesto en el Reglamento (UE) 2016\/679 del Parlamento Europeo y del Consejo de 27 de abril de 2016, relativo a la protecci\u00f3n de las personas f\u00edsicas en lo que respecta al tratamiento de datos personales y a la libre circulaci\u00f3n de estos datos. Talleres Velilla S.A.U.\u00a0protege sus datos&hellip;","_links":{"self":[{"href":"https:\/\/movexlift.com\/en\/wp-json\/wp\/v2\/pages\/1002","targetHints":{"allow":["GET"]}}],"collection":[{"href":"https:\/\/movexlift.com\/en\/wp-json\/wp\/v2\/pages"}],"about":[{"href":"https:\/\/movexlift.com\/en\/wp-json\/wp\/v2\/types\/page"}],"author":[{"embeddable":true,"href":"https:\/\/movexlift.com\/en\/wp-json\/wp\/v2\/users\/1"}],"replies":[{"embeddable":true,"href":"https:\/\/movexlift.com\/en\/wp-json\/wp\/v2\/comments?post=1002"}],"version-history":[{"count":4,"href":"https:\/\/movexlift.com\/en\/wp-json\/wp\/v2\/pages\/1002\/revisions"}],"predecessor-version":[{"id":1006,"href":"https:\/\/movexlift.com\/en\/wp-json\/wp\/v2\/pages\/1002\/revisions\/1006"}],"wp:attachment":[{"href":"https:\/\/movexlift.com\/en\/wp-json\/wp\/v2\/media?parent=1002"}],"curies":[{"name":"wp","href":"https:\/\/api.w.org\/{rel}","templated":true}]}}